{"id":751,"date":"2024-03-01T11:47:50","date_gmt":"2024-03-01T10:47:50","guid":{"rendered":"https:\/\/members-onlinemodule.sonoboomer.de\/wordpress\/membership-join\/membership-registration\/"},"modified":"2024-11-21T21:07:24","modified_gmt":"2024-11-21T20:07:24","slug":"membership-registration","status":"publish","type":"page","link":"https:\/\/members-onlinemodule.sonoboomer.de\/wordpress\/membership-join\/membership-registration\/","title":{"rendered":"Registrierung"},"content":{"rendered":"<section class=\"bde-section-751-100 bde-section\">\n              \n  \n  \n\t\n\n  <div class=\"section-background-overlay\"><\/div>\n\n\n<div class=\"section-container\"><h2 class=\"bde-heading-751-102 bde-heading\">\nRegistrierung\n<\/h2><div class=\"bde-text-751-103 bde-text\">\nNach der Registrierung und Pr\u00fcfung Ihrer Eingaben werden Sie innerhalb von 24h freigeschaltet. <br>Sie k\u00f6nnen sich dann \u00fcber den Login Button der Hauptseite einloggen.\n<\/div><div class=\"bde-shortcode-751-101 bde-shortcode\"><div class=\"swpm-registration-widget-form\">\n    <form id=\"swpm-registration-form\" class=\"swpm-validate-form\" name=\"swpm-registration-form\" method=\"post\" action=\"\">\n        <input type =\"hidden\" name=\"level_identifier\" value=\"eccbc87e4b5ce2fe28308fd9f2a7baf3\" \/>\n        <table>\n            <tr class=\"swpm-registration-username-row\" >\n                <td><label for=\"user_name\">Benutzername<\/label><\/td>\n                <td><input type=\"text\" id=\"user_name\" class=\"validate[required,custom[noapostrophe],custom[SWPMUserName],minSize[4],ajax[ajaxUserCall]]\" value=\"\" size=\"50\" name=\"user_name\" \/><\/td>\n            <\/tr>\n            <tr class=\"swpm-registration-email-row\">\n                <td><label for=\"email\">E-Mail-Adresse<\/label><\/td>\n                <td><input type=\"text\" autocomplete=\"off\" id=\"email\" class=\"validate[required,custom[email],ajax[ajaxEmailCall]]\" value=\"\" size=\"50\" name=\"email\" \/><\/td>\n            <\/tr>\n            <tr class=\"swpm-registration-password-row\">\n                <td><label for=\"password\">Passwort<\/label><\/td>\n                <td><input type=\"password\" autocomplete=\"off\" id=\"password\" class=\"\" value=\"\" size=\"50\" name=\"password\" \/><\/td>\n            <\/tr>\n            <tr class=\"swpm-registration-password-retype-row\">\n                <td><label for=\"password_re\">Passwort wiederholen<\/label><\/td>\n                <td><input type=\"password\" autocomplete=\"off\" id=\"password_re\" value=\"\" size=\"50\" name=\"password_re\" \/><\/td>\n            <\/tr>\n            <tr class=\"swpm-registration-firstname-row\" >\n                <td><label for=\"first_name\">Vorname<\/label><\/td>\n                <td><input type=\"text\" id=\"first_name\" value=\"\" size=\"50\" name=\"first_name\" \/><\/td>\n            <\/tr>\n            <tr class=\"swpm-registration-lastname-row\" >\n                <td><label for=\"last_name\">Nachname<\/label><\/td>\n                <td><input type=\"text\" id=\"last_name\" value=\"\" size=\"50\" name=\"last_name\" \/><\/td>\n            <\/tr>\n            <tr\n                class=\"swpm-registration-membership-level-row\"\n                                style=\"\"\n            >\n                <td><label for=\"membership_level\">Mitgliedschaftsstufe<\/label><\/td>\n                <td>\n                    Kostenlose Online Module<input type=\"hidden\" value=\"3\" size=\"50\" name=\"swpm_membership_level\" id=\"membership_level\" \/><input type=\"hidden\" name=\"swpm_level_hash\" value=\"7f0a35aba4efa50cf42ad84ac53e85b9\" \/>                <\/td>\n            <\/tr>\n                            <tr>\n                    <td colspan=\"2\" style=\"text-align: center;\">\n                        <label><input type=\"checkbox\" id=\"swpm-accept-terms\" name=\"accept_terms\" class=\"validate[required]\" value=\"1\"> Ich akzeptiere die  <a href=\"https:\/\/www.sonoboomer.de\/allgemeine-geschaeftsbedingungen\/\" target=\"_blank\">Allgemeine Gesch\u00e4ftsbedingungen<\/a><\/label>\n                    <\/td>\n                <\/tr>\n                                <tr>\n                    <td colspan=\"2\" style=\"text-align: center;\">\n                        <label><input type=\"checkbox\" id=\"swpm-accept-pp\" name=\"accept_pp\" class=\"validate[required]\" value=\"1\"> Ich bin einverstanden mit der  <a href=\"https:\/\/www.sonoboomer.de\/datenschutz\/\" target=\"_blank\">Datenschutzerkl\u00e4rung<\/a><\/label>\n                    <\/td>\n                <\/tr>\n                        <\/table>\n\n        <div class=\"swpm-before-registration-submit-section\" align=\"center\"><div class=\"swpm-recaptcha-section\" style=\"margin-bottom: 15px;\"><style type=\"text\/css\">@media screen and (max-width: 375px) {\n            .swpm_g_captcha{transform:scale(0.77);transform-origin:0;-webkit-transform:scale(0.77);-webkit-transform-origin:0 0;}\n        }<\/style><script src=\"https:\/\/www.google.com\/recaptcha\/api.js\" async defer><\/script><div class=\"swpm_g_captcha\"><div class=\"g-recaptcha\" data-sitekey=\"6LcWjD4pAAAAAO8UQ6YW5NpuuXdNyDhBDizBl8iM\" data-theme=\"dark\" data-size=\"normal\"><\/div><\/div><\/div><\/div>\n\n        <div class=\"swpm-registration-submit-section\" align=\"center\">\n            <input type=\"submit\" value=\"Registrieren\" class=\"swpm-registration-submit\" name=\"swpm_registration_submit\" \/>\n        <\/div>\n\n        <input type=\"hidden\" name=\"action\" value=\"custom_posts\" \/>\n\n    <\/form>\n<\/div>\n<\/div><\/div>\n<\/section>","protected":false},"excerpt":{"rendered":"<p>Registrierung Nach der Registrierung und Pr\u00fcfung Ihrer Eingaben werden Sie innerhalb von 24h freigeschaltet. Sie k\u00f6nnen sich dann \u00fcber den Login Button der Hauptseite einloggen. Benutzername E-Mail-Adresse Passwort Passwort wiederholen Vorname Nachname Mitgliedschaftsstufe Kostenlose Online Module Ich akzeptiere die Allgemeine Gesch\u00e4ftsbedingungen Ich bin einverstanden mit der Datenschutzerkl\u00e4rung<\/p>\n","protected":false},"author":1,"featured_media":0,"parent":750,"menu_order":0,"comment_status":"closed","ping_status":"closed","template":"","meta":{"_breakdance_hide_in_design_set":false,"_breakdance_tags":"","footnotes":""},"class_list":["post-751","page","type-page","status-publish","hentry"],"ase":null,"_links":{"self":[{"href":"https:\/\/members-onlinemodule.sonoboomer.de\/wordpress\/wp-json\/wp\/v2\/pages\/751","targetHints":{"allow":["GET"]}}],"collection":[{"href":"https:\/\/members-onlinemodule.sonoboomer.de\/wordpress\/wp-json\/wp\/v2\/pages"}],"about":[{"href":"https:\/\/members-onlinemodule.sonoboomer.de\/wordpress\/wp-json\/wp\/v2\/types\/page"}],"author":[{"embeddable":true,"href":"https:\/\/members-onlinemodule.sonoboomer.de\/wordpress\/wp-json\/wp\/v2\/users\/1"}],"replies":[{"embeddable":true,"href":"https:\/\/members-onlinemodule.sonoboomer.de\/wordpress\/wp-json\/wp\/v2\/comments?post=751"}],"version-history":[{"count":19,"href":"https:\/\/members-onlinemodule.sonoboomer.de\/wordpress\/wp-json\/wp\/v2\/pages\/751\/revisions"}],"predecessor-version":[{"id":1170,"href":"https:\/\/members-onlinemodule.sonoboomer.de\/wordpress\/wp-json\/wp\/v2\/pages\/751\/revisions\/1170"}],"up":[{"embeddable":true,"href":"https:\/\/members-onlinemodule.sonoboomer.de\/wordpress\/wp-json\/wp\/v2\/pages\/750"}],"wp:attachment":[{"href":"https:\/\/members-onlinemodule.sonoboomer.de\/wordpress\/wp-json\/wp\/v2\/media?parent=751"}],"curies":[{"name":"wp","href":"https:\/\/api.w.org\/{rel}","templated":true}]}}